{"id":487,"date":"2020-12-03T13:35:16","date_gmt":"2020-12-03T13:35:16","guid":{"rendered":"http:\/\/rmx.teambook.eu\/?page_id=487"},"modified":"2026-04-03T18:58:51","modified_gmt":"2026-04-03T18:58:51","slug":"datenschutz","status":"publish","type":"page","link":"https:\/\/rmx.teambook.eu\/?page_id=487","title":{"rendered":"Datenschutz"},"content":{"rendered":"\n<p>Datenschutzerkl\u00e4rung<br>1. Allgemeine Hinweise: Der Schutz Ihrer pers\u00f6nlichen Daten ist uns wichtig. Wir behandeln personenbezogene Daten vertraulich und entsprechend den gesetzlichen Datenschutzvorschriften.<\/p>\n\n\n\n<p><br>2. Verantwortliche Stelle: ISA-Tech GmbH M\u00fchlhausen Johannisstra\u00dfe 100, 99974 M\u00fchlhausen, Deutschland, E-Mail: reinhard@reinhard-boltin.de<\/p>\n\n\n\n<p>3. Erhebung und Verarbeitung personenbezogener Daten: Beim Besuch dieser Website werden keine personenbezogenen Daten erhoben, au\u00dfer den technisch notwendigen Daten, die durch den Webserver bereitgestellt werden (z.\u202fB. IP-Adresse zur technischen Auslieferung).<br>Diese Daten lassen keine direkten R\u00fcckschl\u00fcsse auf Ihre Person zu und werden nicht mit anderen Datenquellen zusammengef\u00fchrt.<\/p>\n\n\n\n<p><br>4. Cookies: Diese Website verwendet keine Cookies zu Analyse- oder Marketingzwecken. Falls technisch notwendige Cookies eingesetzt werden, dienen sie ausschlie\u00dflich der sicheren Bereitstellung der Website.<\/p>\n\n\n\n<p><br>5. Einbindung externer Dienste: Es werden keine externen Tracking-, Marketing- oder Analyse-Dienste eingesetzt.<\/p>\n\n\n\n<p><br>6. Ihre Rechte: Sie haben jederzeit das Recht auf Auskunft \u00fcber Ihre gespeicherten personenbezogenen Daten, deren Herkunft, Empf\u00e4nger und Zweck der Datenverarbeitung sowie ein Recht auf Berichtigung, Sperrung oder L\u00f6schung dieser Daten.<\/p>\n\n\n\n<p><br>7. Kontakt: Bei Fragen zum Datenschutz wenden Sie sich bitte an: info@inkoba.com.<\/p>\n\n\n\n<p><\/p>\n","protected":false},"excerpt":{"rendered":"<p>Datenschutzerkl\u00e4rung1. Allgemeine Hinweise: Der Schutz Ihrer pers\u00f6nlichen Daten ist uns wichtig. Wir behandeln personenbezogene Daten vertraulich und entsprechend den gesetzlichen Datenschutzvorschriften. 2. Verantwortliche Stelle: ISA-Tech GmbH M\u00fchlhausen Johannisstra\u00dfe 100, 99974 M\u00fchlhausen, Deutschland, E-Mail: reinhard@reinhard-boltin.de 3. Erhebung und Verarbeitung personenbezogener Daten: Beim Besuch dieser Website werden keine personenbezogenen Daten erhoben, au\u00dfer den technisch notwendigen Daten, die &hellip; <\/p>\n<p class=\"link-more\"><a href=\"https:\/\/rmx.teambook.eu\/?page_id=487\" class=\"more-link\"><span class=\"screen-reader-text\">\u201eDatenschutz\u201c<\/span> weiterlesen<\/a><\/p>\n","protected":false},"author":1,"featured_media":0,"parent":0,"menu_order":0,"comment_status":"closed","ping_status":"closed","template":"","meta":{"footnotes":""},"class_list":["post-487","page","type-page","status-publish","hentry"],"_links":{"self":[{"href":"https:\/\/rmx.teambook.eu\/index.php?rest_route=\/wp\/v2\/pages\/487","targetHints":{"allow":["GET"]}}],"collection":[{"href":"https:\/\/rmx.teambook.eu\/index.php?rest_route=\/wp\/v2\/pages"}],"about":[{"href":"https:\/\/rmx.teambook.eu\/index.php?rest_route=\/wp\/v2\/types\/page"}],"author":[{"embeddable":true,"href":"https:\/\/rmx.teambook.eu\/index.php?rest_route=\/wp\/v2\/users\/1"}],"replies":[{"embeddable":true,"href":"https:\/\/rmx.teambook.eu\/index.php?rest_route=%2Fwp%2Fv2%2Fcomments&post=487"}],"version-history":[{"count":8,"href":"https:\/\/rmx.teambook.eu\/index.php?rest_route=\/wp\/v2\/pages\/487\/revisions"}],"predecessor-version":[{"id":730,"href":"https:\/\/rmx.teambook.eu\/index.php?rest_route=\/wp\/v2\/pages\/487\/revisions\/730"}],"wp:attachment":[{"href":"https:\/\/rmx.teambook.eu\/index.php?rest_route=%2Fwp%2Fv2%2Fmedia&parent=487"}],"curies":[{"name":"wp","href":"https:\/\/api.w.org\/{rel}","templated":true}]}}