{"id":509,"date":"2020-12-07T11:15:29","date_gmt":"2020-12-07T11:15:29","guid":{"rendered":"http:\/\/rmx.teambook.eu\/?page_id=509"},"modified":"2026-04-03T18:52:03","modified_gmt":"2026-04-03T18:52:03","slug":"impressum-2","status":"publish","type":"page","link":"https:\/\/rmx.teambook.eu\/?page_id=509","title":{"rendered":"Impressum"},"content":{"rendered":"\n<p><br>ISA-Tech GmbH M\u00fchlhausen<\/p>\n\n\n\n<p>Johannisstra\u00dfe 100, 99974 M\u00fchlhausen Deutschland<br>Vertreten durch: Reinhard Boltin<br>E-Mail: reinhard@reinhard-boltin.de<br>Registereintrag:  Amtsgericht Jena: HRB 400175 <\/p>\n\n\n\n<p>Steuernummer: 157|111|00056  <\/p>\n\n\n\n<p>Verantwortlich f\u00fcr den Inhalt nach \u00a7 18 Abs. 2 MStV: <\/p>\n\n\n\n<p>Reinhard Boltin <\/p>\n\n\n\n<p>Adresse:  Johannisstra\u00dfe 100, 99974 M\u00fchlhausen Deutschland  <\/p>\n\n\n\n<p>\u200b<\/p>\n\n\n\n<p>\u200b<\/p>\n","protected":false},"excerpt":{"rendered":"<p>ISA-Tech GmbH M\u00fchlhausen Johannisstra\u00dfe 100, 99974 M\u00fchlhausen DeutschlandVertreten durch: Reinhard BoltinE-Mail: reinhard@reinhard-boltin.deRegistereintrag: Amtsgericht Jena: HRB 400175 Steuernummer: 157|111|00056 Verantwortlich f\u00fcr den Inhalt nach \u00a7 18 Abs. 2 MStV: Reinhard Boltin Adresse: Johannisstra\u00dfe 100, 99974 M\u00fchlhausen Deutschland \u200b \u200b<\/p>\n","protected":false},"author":1,"featured_media":0,"parent":0,"menu_order":0,"comment_status":"closed","ping_status":"closed","template":"","meta":{"footnotes":""},"class_list":["post-509","page","type-page","status-publish","hentry"],"_links":{"self":[{"href":"https:\/\/rmx.teambook.eu\/index.php?rest_route=\/wp\/v2\/pages\/509","targetHints":{"allow":["GET"]}}],"collection":[{"href":"https:\/\/rmx.teambook.eu\/index.php?rest_route=\/wp\/v2\/pages"}],"about":[{"href":"https:\/\/rmx.teambook.eu\/index.php?rest_route=\/wp\/v2\/types\/page"}],"author":[{"embeddable":true,"href":"https:\/\/rmx.teambook.eu\/index.php?rest_route=\/wp\/v2\/users\/1"}],"replies":[{"embeddable":true,"href":"https:\/\/rmx.teambook.eu\/index.php?rest_route=%2Fwp%2Fv2%2Fcomments&post=509"}],"version-history":[{"count":4,"href":"https:\/\/rmx.teambook.eu\/index.php?rest_route=\/wp\/v2\/pages\/509\/revisions"}],"predecessor-version":[{"id":727,"href":"https:\/\/rmx.teambook.eu\/index.php?rest_route=\/wp\/v2\/pages\/509\/revisions\/727"}],"wp:attachment":[{"href":"https:\/\/rmx.teambook.eu\/index.php?rest_route=%2Fwp%2Fv2%2Fmedia&parent=509"}],"curies":[{"name":"wp","href":"https:\/\/api.w.org\/{rel}","templated":true}]}}