{"id":721,"date":"2026-04-03T18:36:35","date_gmt":"2026-04-03T18:36:35","guid":{"rendered":"https:\/\/rmx.teambook.eu\/?page_id=721"},"modified":"2026-04-03T19:01:36","modified_gmt":"2026-04-03T19:01:36","slug":"rechtliche-hinweise","status":"publish","type":"page","link":"https:\/\/rmx.teambook.eu\/?page_id=721","title":{"rendered":"Rechtliche Hinweise"},"content":{"rendered":"\n<p><br>1. Haftung f\u00fcr Inhalte: Die Inhalte dieser Website wurden mit gr\u00f6\u00dfter Sorgfalt erstellt. F\u00fcr die Richtigkeit, Vollst\u00e4ndigkeit und Aktualit\u00e4t der Inhalte k\u00f6nnen wir jedoch keine Gew\u00e4hr \u00fcbernehmen.<\/p>\n\n\n\n<p><br>2. Haftung f\u00fcr Links: Diese Website enth\u00e4lt ggf. Links zu externen Websites Dritter, auf deren Inhalte wir keinen Einfluss haben. F\u00fcr diese fremden Inhalte wird keine Gew\u00e4hr \u00fcbernommen.<\/p>\n\n\n\n<p><br>3. Hinweis zur Nutzung des Digitalen Chefbuchs: Das Digitale Chefbuch ist ein Instrument zur Selbst- und Teamarbeit. Es stellt keine Beratung, kein Coaching und keine sonstige dienstleistende T\u00e4tigkeit dar. Es werden keine Erfolgszusagen oder Wirkungsgarantien gegeben.<\/p>\n\n\n\n<p><br>4. Urheberrecht: Die auf dieser Website erstellten Inhalte und Werke unterliegen dem deutschen Urheberrecht. Eine Vervielf\u00e4ltigung, Bearbeitung oder Verbreitung ist nur mit ausdr\u00fccklicher Zustimmung der Rechteinhaber zul\u00e4ssig.<\/p>\n","protected":false},"excerpt":{"rendered":"<p>1. Haftung f\u00fcr Inhalte: Die Inhalte dieser Website wurden mit gr\u00f6\u00dfter Sorgfalt erstellt. F\u00fcr die Richtigkeit, Vollst\u00e4ndigkeit und Aktualit\u00e4t der Inhalte k\u00f6nnen wir jedoch keine Gew\u00e4hr \u00fcbernehmen. 2. Haftung f\u00fcr Links: Diese Website enth\u00e4lt ggf. Links zu externen Websites Dritter, auf deren Inhalte wir keinen Einfluss haben. F\u00fcr diese fremden Inhalte wird keine Gew\u00e4hr \u00fcbernommen. &hellip; <\/p>\n<p class=\"link-more\"><a href=\"https:\/\/rmx.teambook.eu\/?page_id=721\" class=\"more-link\"><span class=\"screen-reader-text\">\u201eRechtliche Hinweise\u201c<\/span> weiterlesen<\/a><\/p>\n","protected":false},"author":1,"featured_media":0,"parent":0,"menu_order":0,"comment_status":"closed","ping_status":"closed","template":"","meta":{"footnotes":""},"class_list":["post-721","page","type-page","status-publish","hentry"],"_links":{"self":[{"href":"https:\/\/rmx.teambook.eu\/index.php?rest_route=\/wp\/v2\/pages\/721","targetHints":{"allow":["GET"]}}],"collection":[{"href":"https:\/\/rmx.teambook.eu\/index.php?rest_route=\/wp\/v2\/pages"}],"about":[{"href":"https:\/\/rmx.teambook.eu\/index.php?rest_route=\/wp\/v2\/types\/page"}],"author":[{"embeddable":true,"href":"https:\/\/rmx.teambook.eu\/index.php?rest_route=\/wp\/v2\/users\/1"}],"replies":[{"embeddable":true,"href":"https:\/\/rmx.teambook.eu\/index.php?rest_route=%2Fwp%2Fv2%2Fcomments&post=721"}],"version-history":[{"count":3,"href":"https:\/\/rmx.teambook.eu\/index.php?rest_route=\/wp\/v2\/pages\/721\/revisions"}],"predecessor-version":[{"id":732,"href":"https:\/\/rmx.teambook.eu\/index.php?rest_route=\/wp\/v2\/pages\/721\/revisions\/732"}],"wp:attachment":[{"href":"https:\/\/rmx.teambook.eu\/index.php?rest_route=%2Fwp%2Fv2%2Fmedia&parent=721"}],"curies":[{"name":"wp","href":"https:\/\/api.w.org\/{rel}","templated":true}]}}